{"id":7769,"date":"2024-11-14T15:07:50","date_gmt":"2024-11-14T14:07:50","guid":{"rendered":"https:\/\/dev.test.m-plusgroup.com\/?page_id=7769"},"modified":"2024-11-20T13:55:08","modified_gmt":"2024-11-20T12:55:08","slug":"a-votre-ecoute","status":"publish","type":"page","link":"https:\/\/m-plusgroup.com\/en\/a-votre-ecoute\/","title":{"rendered":"\u00c0 votre \u00e9coute!"},"content":{"rendered":"<div data-elementor-type=\"wp-page\" data-elementor-id=\"7769\" class=\"elementor elementor-7769\" data-elementor-post-type=\"page\">\n\t\t\t\t<div class=\"elementor-element elementor-element-856a777 e-flex e-con-boxed sc_layouts_column_icons_position_left e-con e-parent\" data-id=\"856a777\" data-element_type=\"container\">\n\t\t\t\t\t<div class=\"e-con-inner\">\n\t\t\t\t<div class=\"elementor-element elementor-element-0ea8eb2 sc_fly_static elementor-widget elementor-widget-text-editor\" data-id=\"0ea8eb2\" data-element_type=\"widget\" data-widget_type=\"text-editor.default\">\n\t\t\t\t<div class=\"elementor-widget-container\">\n\t\t\t\t\t\t\t\t\t<p>Nous sommes \u00e0 l\u2019\u00e9coute de nos Parties Prenantes au quotidien. Si vous souhaitez communiquer avec nous une attente, une insatisfaction, si vous \u00eates t\u00e9moin d\u2019une pratique d\u00e9loyale d\u2019un membre de l\u2019\u00e9quipe, cliquez sur le lien ci-dessous. Votre message sera transmis directement \u00e0 la direction g\u00e9n\u00e9rale du groupe et votre identit\u00e9 sera prot\u00e9g\u00e9e si vous le souhaitez.<\/p>\t\t\t\t\t\t\t\t<\/div>\n\t\t\t\t<\/div>\n\t\t\t\t<div class=\"elementor-element elementor-element-cae487e sc_fly_static elementor-widget elementor-widget-trx_sc_contact_form_7\" data-id=\"cae487e\" data-element_type=\"widget\" data-widget_type=\"trx_sc_contact_form_7.default\">\n\t\t\t\t<div class=\"elementor-widget-container\">\n\t\t\t\t\t\n<div class=\"wpcf7 no-js\" id=\"wpcf7-f8043-o1\" lang=\"en-US\" dir=\"ltr\" data-wpcf7-id=\"8043\">\n<div class=\"screen-reader-response\"><p role=\"status\" aria-live=\"polite\" aria-atomic=\"true\"><\/p> <ul><\/ul><\/div>\n<form action=\"\/en\/wp-json\/wp\/v2\/pages\/7769#wpcf7-f8043-o1\" method=\"post\" class=\"wpcf7-form init\" aria-label=\"Contact form\" novalidate=\"novalidate\" data-status=\"init\" data-trp-original-action=\"\/en\/wp-json\/wp\/v2\/pages\/7769#wpcf7-f8043-o1\">\n<div style=\"display: none;\">\n<input type=\"hidden\" name=\"_wpcf7\" value=\"8043\" \/>\n<input type=\"hidden\" name=\"_wpcf7_version\" value=\"6.0.6\" \/>\n<input type=\"hidden\" name=\"_wpcf7_locale\" value=\"en_US\" \/>\n<input type=\"hidden\" name=\"_wpcf7_unit_tag\" value=\"wpcf7-f8043-o1\" \/>\n<input type=\"hidden\" name=\"_wpcf7_container_post\" value=\"0\" \/>\n<input type=\"hidden\" name=\"_wpcf7_posted_data_hash\" value=\"\" \/>\n<input type=\"hidden\" name=\"_wpcf7_recaptcha_response\" value=\"\" \/>\n<\/div>\n<div class=\"form-style-3\">\n\t<div class=\"columns_wrap\">\n\t\t<div class=\"column-1_2\">\n\t\t\t<p><span class=\"style-line icon-name\"><span class=\"wpcf7-form-control-wrap\" data-name=\"your-name\"><input size=\"40\" maxlength=\"400\" class=\"wpcf7-form-control wpcf7-text wpcf7-validates-as-required\" aria-required=\"true\" aria-invalid=\"false\" placeholder=\"Your Name\" value=\"\" type=\"text\" name=\"your-name\" \/><\/span><\/span>\n\t\t\t<\/p>\n\t\t<\/div>\n\t\t<div class=\"column-1_2\">\n\t\t\t<p><span class=\"style-line icon-email\"><span class=\"wpcf7-form-control-wrap\" data-name=\"email\"><input size=\"40\" maxlength=\"400\" class=\"wpcf7-form-control wpcf7-email wpcf7-validates-as-required wpcf7-text wpcf7-validates-as-email\" aria-required=\"true\" aria-invalid=\"false\" placeholder=\"Your email address\" value=\"\" type=\"email\" name=\"email\" \/><\/span><\/span>\n\t\t\t<\/p>\n\t\t<\/div>\n\t<\/div>\n\t<div class=\"columns_wrap\">\n\t\t<div class=\"column-1_2\">\n\t\t\t<p><span class=\"style-line icon-phone\"><span class=\"wpcf7-form-control-wrap\" data-name=\"phone\"><input size=\"40\" maxlength=\"400\" class=\"wpcf7-form-control wpcf7-tel wpcf7-text wpcf7-validates-as-tel\" aria-invalid=\"false\" placeholder=\"Your phone number (optional)\" value=\"\" type=\"tel\" name=\"phone\" \/><\/span><\/span>\n\t\t\t<\/p>\n\t\t<\/div>\n\t\t<div class=\"column-1_2\">\n\t\t\t<p><span class=\"style-line icon-subject\"><span class=\"wpcf7-form-control-wrap\" data-name=\"reason\"><select class=\"wpcf7-form-control wpcf7-select wpcf7-validates-as-required\" aria-required=\"true\" aria-invalid=\"false\" name=\"reason\"><option value=\"S\u00e9lectionnez une raison\">Select a reason<\/option><option value=\"Suggestion\">Suggestion<\/option><option value=\"Probl\u00e8me signal\u00e9\">Reported Issue<\/option><option value=\"Pratique d\u00e9loyale\">Unfair Practice<\/option><option value=\"Autre\">Other<\/option><\/select><\/span><\/span>\n\t\t\t<\/p>\n\t\t<\/div>\n\t<\/div>\n\t<div class=\"columns_wrap margin-bottom\">\n\t\t<div class=\"column-1_1\">\n\t\t\t<p><span class=\"style-line\"><span class=\"wpcf7-form-control-wrap\" data-name=\"acceptance\"><span class=\"wpcf7-form-control wpcf7-checkbox\"><span class=\"wpcf7-list-item first last\"><input type=\"checkbox\" name=\"acceptance[]\" value=\"Je souhaite que mon identit\u00e9 soit prot\u00e9g\u00e9e et communiqu\u00e9e uniquement au r\u00e9f\u00e8rent \u00e9thique, membre de la direction g\u00e9n\u00e9rale du groupe.\" \/><span class=\"wpcf7-list-item-label\">I want my identity to be protected and communicated only to the ethics officer, member of the group's senior management.<\/span><\/span><\/span><\/span><\/span>\n\t\t\t<\/p>\n\t\t<\/div>\n\t<\/div>\n\t<div class=\"columns_wrap margin-bottom\">\n\t\t<div class=\"column-1_1\">\n\t\t\t<p><span class=\"style-line icon-textarea\"><span class=\"wpcf7-form-control-wrap\" data-name=\"message\"><textarea cols=\"40\" rows=\"10\" maxlength=\"2000\" class=\"wpcf7-form-control wpcf7-textarea wpcf7-validates-as-required\" aria-required=\"true\" aria-invalid=\"false\" placeholder=\"Please write your message...\" name=\"message\"><\/textarea><\/span><\/span>\n\t\t\t<\/p>\n\t\t<\/div>\n\t<\/div>\n\n <!-- Optional checkbox to protect identity -->\n\n\n <!-- Submit button -->\n\t<p><input class=\"wpcf7-form-control wpcf7-submit has-spinner\" type=\"submit\" value=\"Submit\" \/>\n\t<\/p>\n<\/div><div class=\"wpcf7-response-output\" aria-hidden=\"true\"><\/div>\n<input type=\"hidden\" name=\"trp-form-language\" value=\"en\"\/><\/form>\n<\/div>\n\t\t\t\t<\/div>\n\t\t\t\t<\/div>\n\t\t\t\t\t<\/div>\n\t\t\t\t<\/div>\n\t\t\t\t<\/div>","protected":false},"excerpt":{"rendered":"<p>Nous sommes \u00e0 l\u2019\u00e9coute de nos Parties Prenantes au quotidien. Si vous souhaitez communiquer avec nous une attente, une insatisfaction, si vous \u00eates t\u00e9moin d\u2019une pratique d\u00e9loyale d\u2019un membre de&hellip;<\/p>","protected":false},"author":2,"featured_media":0,"parent":0,"menu_order":0,"comment_status":"closed","ping_status":"closed","template":"","meta":{"footnotes":""},"class_list":["post-7769","page","type-page","status-publish","hentry"],"_links":{"self":[{"href":"https:\/\/m-plusgroup.com\/en\/wp-json\/wp\/v2\/pages\/7769","targetHints":{"allow":["GET"]}}],"collection":[{"href":"https:\/\/m-plusgroup.com\/en\/wp-json\/wp\/v2\/pages"}],"about":[{"href":"https:\/\/m-plusgroup.com\/en\/wp-json\/wp\/v2\/types\/page"}],"author":[{"embeddable":true,"href":"https:\/\/m-plusgroup.com\/en\/wp-json\/wp\/v2\/users\/2"}],"replies":[{"embeddable":true,"href":"https:\/\/m-plusgroup.com\/en\/wp-json\/wp\/v2\/comments?post=7769"}],"version-history":[{"count":13,"href":"https:\/\/m-plusgroup.com\/en\/wp-json\/wp\/v2\/pages\/7769\/revisions"}],"predecessor-version":[{"id":8063,"href":"https:\/\/m-plusgroup.com\/en\/wp-json\/wp\/v2\/pages\/7769\/revisions\/8063"}],"wp:attachment":[{"href":"https:\/\/m-plusgroup.com\/en\/wp-json\/wp\/v2\/media?parent=7769"}],"curies":[{"name":"wp","href":"https:\/\/api.w.org\/{rel}","templated":true}]}}