{"id":7742,"date":"2024-11-14T11:27:02","date_gmt":"2024-11-14T10:27:02","guid":{"rendered":"https:\/\/dev.test.m-plusgroup.com\/?page_id=7742"},"modified":"2024-11-20T09:48:12","modified_gmt":"2024-11-20T08:48:12","slug":"nos-matieres","status":"publish","type":"page","link":"https:\/\/m-plusgroup.com\/en\/nos-matieres\/","title":{"rendered":"Our Materials"},"content":{"rendered":"<div data-elementor-type=\"wp-page\" data-elementor-id=\"7742\" class=\"elementor elementor-7742\" data-elementor-post-type=\"page\">\n\t\t\t\t<div class=\"elementor-element elementor-element-c95f03f e-flex e-con-boxed sc_layouts_column_icons_position_left e-con e-parent\" data-id=\"c95f03f\" data-element_type=\"container\">\n\t\t\t\t\t<div class=\"e-con-inner\">\n\t\t\t\t<div class=\"elementor-element elementor-element-d1ecb54 sc_fly_static elementor-widget elementor-widget-heading\" data-id=\"d1ecb54\" data-element_type=\"widget\" data-widget_type=\"heading.default\">\n\t\t\t\t<div class=\"elementor-widget-container\">\n\t\t\t\t\t<h2 class=\"elementor-heading-title elementor-size-default\">Materials We Commonly Work With<\/h2>\t\t\t\t<\/div>\n\t\t\t\t<\/div>\n\t\t\t\t\t<\/div>\n\t\t\t\t<\/div>\n\t\t<div class=\"elementor-element elementor-element-ff685de e-flex e-con-boxed sc_layouts_column_icons_position_left e-con e-parent\" data-id=\"ff685de\" data-element_type=\"container\">\n\t\t\t\t\t<div class=\"e-con-inner\">\n\t\t\t\t<div class=\"elementor-element elementor-element-d1485d1 sc_fly_static elementor-widget elementor-widget-text-editor\" data-id=\"d1485d1\" data-element_type=\"widget\" data-widget_type=\"text-editor.default\">\n\t\t\t\t<div class=\"elementor-widget-container\">\n\t\t\t\t\t\t\t\t\t<p class=\"translation-block\"><span style=\"color: #002060\"> Most Frequently Supplied <b>kinds<\/b>:<\/span><\/p><ul><li><span style=\"color: #002060;\"><b>Aluminium<\/b> : 5086 \/ 6061 \/ 7075 \/ 2017 \/ 2024 \/ 2219<\/span><\/li><li><span style=\"color: #002060;\"><b>Cobalt base<\/b> : CoCr22NiW (Haynes 188) \/ CoCr20W15Ni (Stellite 25)<\/span><\/li><li><span style=\"color: #002060;\"><b>Nickel base<\/b> : NiCr22Fe18Mo (Hastelloy)<\/span><\/li><li><span style=\"color: #002060;\"><b>Inconel<\/b> : Inconel 625 \/ Inconel 718 \/ Inconel X-750<\/span><\/li><li><span style=\"color: #002060;\"><b>Stainless steel<\/b> : X2CrNi18-9 (304L) \/ X2CrNi19-11 (304L) \/ X2CrNiMo17-12-2 (316L) \/ X5CrNi18-10 (304) \/ X6Cr17 (430) \/ X6CrNiTi18-10 (321) \/ X6CrNiNb18-10 (347) \/ X12Cr13 (410) \/ etc\u2026<\/span><\/li><li><span style=\"color: #002060;\"><b>Titanium<\/b> : T40 \/ T60 \/ TA6V<\/span><\/li><\/ul><p><span style=\"color: #002060;\"><b>Format: Sheet metal, bar, forging, casting\u2026<\/b><\/span><\/p><p><span style=\"color: #002060;\"><b>Sheet thicknesses:<\/b><\/span><\/p><ul><li><span style=\"color: #002060;\">0.5 mm to 6 mm for the highest consumption levels<\/span><\/li><li><span style=\"color: #002060;\">Supply options in ISO (mm) or Imperial (inch) units<\/span><\/li><\/ul>\t\t\t\t\t\t\t\t<\/div>\n\t\t\t\t<\/div>\n\t\t\t\t\t<\/div>\n\t\t\t\t<\/div>\n\t\t\t\t<\/div>","protected":false},"excerpt":{"rendered":"<p>Les mati\u00e8res habituellement travaill\u00e9es Nuances les plus fr\u00e9quemment approvisionn\u00e9es : Aluminium : 5086 \/ 6061 \/ 7075 \/ 2017 \/ 2024 \/ 2219 Base cobalt : CoCr22NiW (Haynes 188) \/&hellip;<\/p>","protected":false},"author":2,"featured_media":0,"parent":0,"menu_order":0,"comment_status":"closed","ping_status":"closed","template":"","meta":{"footnotes":""},"class_list":["post-7742","page","type-page","status-publish","hentry"],"_links":{"self":[{"href":"https:\/\/m-plusgroup.com\/en\/wp-json\/wp\/v2\/pages\/7742","targetHints":{"allow":["GET"]}}],"collection":[{"href":"https:\/\/m-plusgroup.com\/en\/wp-json\/wp\/v2\/pages"}],"about":[{"href":"https:\/\/m-plusgroup.com\/en\/wp-json\/wp\/v2\/types\/page"}],"author":[{"embeddable":true,"href":"https:\/\/m-plusgroup.com\/en\/wp-json\/wp\/v2\/users\/2"}],"replies":[{"embeddable":true,"href":"https:\/\/m-plusgroup.com\/en\/wp-json\/wp\/v2\/comments?post=7742"}],"version-history":[{"count":13,"href":"https:\/\/m-plusgroup.com\/en\/wp-json\/wp\/v2\/pages\/7742\/revisions"}],"predecessor-version":[{"id":8019,"href":"https:\/\/m-plusgroup.com\/en\/wp-json\/wp\/v2\/pages\/7742\/revisions\/8019"}],"wp:attachment":[{"href":"https:\/\/m-plusgroup.com\/en\/wp-json\/wp\/v2\/media?parent=7742"}],"curies":[{"name":"wp","href":"https:\/\/api.w.org\/{rel}","templated":true}]}}