{"id":6645,"date":"2024-03-19T15:16:54","date_gmt":"2024-03-19T14:16:54","guid":{"rendered":"https:\/\/dev.test.m-plusgroup.com\/?page_id=6645"},"modified":"2025-02-25T10:32:54","modified_gmt":"2025-02-25T09:32:54","slug":"rse","status":"publish","type":"page","link":"https:\/\/m-plusgroup.com\/en\/rse\/","title":{"rendered":"RSE"},"content":{"rendered":"<div data-elementor-type=\"wp-page\" data-elementor-id=\"6645\" class=\"elementor elementor-6645\" data-elementor-post-type=\"page\">\n\t\t\t\t<div class=\"elementor-element elementor-element-53272af e-flex e-con-boxed sc_layouts_column_icons_position_left e-con e-parent\" data-id=\"53272af\" data-element_type=\"container\">\n\t\t\t\t\t<div class=\"e-con-inner\">\n\t\t\t\t<div class=\"elementor-element elementor-element-259ee96 sc_fly_static elementor-widget elementor-widget-heading\" data-id=\"259ee96\" data-element_type=\"widget\" data-widget_type=\"heading.default\">\n\t\t\t\t<div class=\"elementor-widget-container\">\n\t\t\t\t\t<h2 class=\"elementor-heading-title elementor-size-default\">Our Commitments<\/h2>\t\t\t\t<\/div>\n\t\t\t\t<\/div>\n\t\t\t\t\t<\/div>\n\t\t\t\t<\/div>\n\t\t<div class=\"elementor-element elementor-element-a32b3d7 e-flex e-con-boxed sc_layouts_column_icons_position_left e-con e-parent\" data-id=\"a32b3d7\" data-element_type=\"container\">\n\t\t\t\t\t<div class=\"e-con-inner\">\n\t\t\t\t<div class=\"elementor-element elementor-element-0f4a93f elementor-widget__width-initial elementor-widget-mobile__width-auto sc_fly_static elementor-widget elementor-widget-image\" data-id=\"0f4a93f\" data-element_type=\"widget\" data-widget_type=\"image.default\">\n\t\t\t\t<div class=\"elementor-widget-container\">\n\t\t\t\t\t\t\t\t\t\t\t\t\t\t\t<img fetchpriority=\"high\" decoding=\"async\" width=\"271\" height=\"245\" src=\"https:\/\/m-plusgroup.com\/wp-content\/uploads\/2024\/11\/logo-sphere-MplusGroup-cmjn.png\" class=\"attachment-2048x2048 size-2048x2048 wp-image-8282\" alt=\"\" \/>\t\t\t\t\t\t\t\t\t\t\t\t\t\t\t<\/div>\n\t\t\t\t<\/div>\n\t\t\t\t<div class=\"elementor-element elementor-element-5de8826 sc_fly_static elementor-widget elementor-widget-text-editor\" data-id=\"5de8826\" data-element_type=\"widget\" data-widget_type=\"text-editor.default\">\n\t\t\t\t<div class=\"elementor-widget-container\">\n\t\t\t\t\t\t\t\t\t<h4>M-PLUS is dedicated to serving its stakeholders.<\/h4><h6>M-PLUS is committed to a sustainable development process that requires identifying and listening to its stakeholders.<br \/>ECOVADIS evaluates our approach annually and awarded us the bronze medal in 2024.<br \/>This distinction places us among the top 35% of the most high-performing companies in our industry worldwide and highlights our commitment to operating ethically, sustainably, and transparently.<\/h6><p>Our Code of Conduct defines the rules of behavior and ethics that M-PLUS team members commit to follow.<br \/>This Code covers the following topics:<\/p><ul><li style=\"list-style-type: none;\"><ul><li style=\"list-style-type: none;\"><ul><li>Our approach to customer relations<\/li><li>Respect for fundamental rights<\/li><li>The integrity of our actions<\/li><li>Our Social Commitment<\/li><li>The attitude of our managers<\/li><li>The just culture<\/li><\/ul><\/li><\/ul><\/li><\/ul><p>We ask our suppliers and partners to commit to adhering to a specific version of this Code to ensure consistency in our procurement and subcontracting practices.<\/p><p>A CSR report is published annually to account for our actions, present progress toward our objectives, and outline associated improvement plans.<br \/>You may request this report in the \"Documents\" section of this website.<\/p>\t\t\t\t\t\t\t\t<\/div>\n\t\t\t\t<\/div>\n\t\t\t\t\t<\/div>\n\t\t\t\t<\/div>\n\t\t<div class=\"e-con-with-custom-width elementor-element elementor-element-99a6f51 e-con-full e-flex sc_layouts_column_icons_position_left e-con e-parent\" data-id=\"99a6f51\" data-element_type=\"container\">\n\t\t\t\t<div class=\"elementor-element elementor-element-04725ea elementor-widget__width-initial elementor-widget-tablet__width-initial sc_fly_static elementor-widget elementor-widget-text-editor\" data-id=\"04725ea\" data-element_type=\"widget\" data-widget_type=\"text-editor.default\">\n\t\t\t\t<div class=\"elementor-widget-container\">\n\t\t\t\t\t\t\t\t\t<h4>&nbsp;<\/h4>\n<h4>CSR Report<\/h4>\n<p style=\"padding-left: 40px;\">Our annual CSR report, provides insights into our initiatives, achievements, and goals in social and environmental responsibility. It serves as a key reference for those interested in our strategy and achievements. You may request this document by filling out our contact form.<\/p>\t\t\t\t\t\t\t\t<\/div>\n\t\t\t\t<\/div>\n\t\t\t\t<div class=\"elementor-element elementor-element-b50163c elementor-widget__width-initial elementor-widget-mobile__width-auto sc_fly_static elementor-widget elementor-widget-image\" data-id=\"b50163c\" data-element_type=\"widget\" data-widget_type=\"image.default\">\n\t\t\t\t<div class=\"elementor-widget-container\">\n\t\t\t\t\t\t\t\t\t\t\t\t\t\t\t<img decoding=\"async\" width=\"298\" height=\"300\" src=\"https:\/\/m-plusgroup.com\/wp-content\/uploads\/2024\/11\/ECOVADIS-T-298x300.png\" class=\"attachment-medium size-medium wp-image-8611\" alt=\"\" srcset=\"https:\/\/m-plusgroup.com\/wp-content\/uploads\/2024\/11\/ECOVADIS-T-298x300.png 298w, https:\/\/m-plusgroup.com\/wp-content\/uploads\/2024\/11\/ECOVADIS-T-150x150.png 150w, https:\/\/m-plusgroup.com\/wp-content\/uploads\/2024\/11\/ECOVADIS-T-120x120.png 120w, https:\/\/m-plusgroup.com\/wp-content\/uploads\/2024\/11\/ECOVADIS-T.png 338w\" sizes=\"(max-width: 298px) 100vw, 298px\" \/>\t\t\t\t\t\t\t\t\t\t\t\t\t\t\t<\/div>\n\t\t\t\t<\/div>\n\t\t\t\t<\/div>\n\t\t<div class=\"elementor-element elementor-element-5ca987a e-flex e-con-boxed sc_layouts_column_icons_position_left e-con e-parent\" data-id=\"5ca987a\" data-element_type=\"container\">\n\t\t\t\t\t<div class=\"e-con-inner\">\n\t\t\t\t<div class=\"elementor-element elementor-element-6fa69d4 sc_fly_static elementor-widget elementor-widget-spacer\" data-id=\"6fa69d4\" data-element_type=\"widget\" data-widget_type=\"spacer.default\">\n\t\t\t\t<div class=\"elementor-widget-container\">\n\t\t\t\t\t\t\t<div class=\"elementor-spacer\">\n\t\t\t<div class=\"elementor-spacer-inner\"><\/div>\n\t\t<\/div>\n\t\t\t\t\t\t<\/div>\n\t\t\t\t<\/div>\n\t\t<div class=\"elementor-element elementor-element-9f45e4e e-con-full e-flex sc_layouts_column_icons_position_left e-con e-child\" data-id=\"9f45e4e\" data-element_type=\"container\">\n\t\t<div class=\"elementor-element elementor-element-b4571d1 e-con-full e-flex sc_layouts_column_icons_position_left e-con e-child\" data-id=\"b4571d1\" data-element_type=\"container\">\n\t\t\t\t<div class=\"elementor-element elementor-element-0b64068 sc_fly_static elementor-widget elementor-widget-image\" data-id=\"0b64068\" data-element_type=\"widget\" data-widget_type=\"image.default\">\n\t\t\t\t<div class=\"elementor-widget-container\">\n\t\t\t\t\t\t\t\t\t\t\t\t\t\t\t<img decoding=\"async\" width=\"300\" height=\"295\" src=\"https:\/\/m-plusgroup.com\/wp-content\/uploads\/2024\/11\/speak-up.png\" class=\"attachment-medium size-medium wp-image-8068\" alt=\"\" \/>\t\t\t\t\t\t\t\t\t\t\t\t\t\t\t<\/div>\n\t\t\t\t<\/div>\n\t\t\t\t<\/div>\n\t\t<div class=\"elementor-element elementor-element-ee8dfe0 e-con-full e-flex sc_layouts_column_icons_position_left e-con e-child\" data-id=\"ee8dfe0\" data-element_type=\"container\">\n\t\t\t\t<div class=\"elementor-element elementor-element-f0f0ceb sc_fly_static elementor-widget elementor-widget-text-editor\" data-id=\"f0f0ceb\" data-element_type=\"widget\" data-widget_type=\"text-editor.default\">\n\t\t\t\t<div class=\"elementor-widget-container\">\n\t\t\t\t\t\t\t\t\t<h5><strong>SPEAK UP \u2013 ALERT US\u00a0<\/strong><\/h5><p>We remain attentive to our stakeholders every day. If you have an expectation or a concern to communicate to us, if you witness any unethical behavior from a team member, click the link below. Your message will be sent directly to the group's top management. Top management will ensure your identity remains confidential.<\/p>\t\t\t\t\t\t\t\t<\/div>\n\t\t\t\t<\/div>\n\t\t\t\t<\/div>\n\t\t\t\t<\/div>\n\t\t<div class=\"e-con-gap-no elementor-element elementor-element-0f4f57c e-con-full e-flex sc_layouts_column_icons_position_left e-con e-child\" data-id=\"0f4f57c\" data-element_type=\"container\">\n\t\t\t\t<\/div>\n\t\t\t\t\t<\/div>\n\t\t\t\t<\/div>\n\t\t<div class=\"elementor-element elementor-element-5b7e769 e-flex e-con-boxed sc_layouts_column_icons_position_left e-con e-parent\" data-id=\"5b7e769\" data-element_type=\"container\">\n\t\t\t\t\t<div class=\"e-con-inner\">\n\t\t\t\t<div class=\"elementor-element elementor-element-8f6ad45 sc_fly_static elementor-widget elementor-widget-trx_sc_contact_form_7\" data-id=\"8f6ad45\" data-element_type=\"widget\" data-widget_type=\"trx_sc_contact_form_7.default\">\n\t\t\t\t<div class=\"elementor-widget-container\">\n\t\t\t\t\t\n<div class=\"wpcf7 no-js\" id=\"wpcf7-f8043-o1\" lang=\"en-US\" dir=\"ltr\" data-wpcf7-id=\"8043\">\n<div class=\"screen-reader-response\"><p role=\"status\" aria-live=\"polite\" aria-atomic=\"true\"><\/p> <ul><\/ul><\/div>\n<form action=\"\/en\/wp-json\/wp\/v2\/pages\/6645#wpcf7-f8043-o1\" method=\"post\" class=\"wpcf7-form init\" aria-label=\"Contact form\" novalidate=\"novalidate\" data-status=\"init\" data-trp-original-action=\"\/en\/wp-json\/wp\/v2\/pages\/6645#wpcf7-f8043-o1\">\n<div style=\"display: none;\">\n<input type=\"hidden\" name=\"_wpcf7\" value=\"8043\" \/>\n<input type=\"hidden\" name=\"_wpcf7_version\" value=\"6.0.6\" \/>\n<input type=\"hidden\" name=\"_wpcf7_locale\" value=\"en_US\" \/>\n<input type=\"hidden\" name=\"_wpcf7_unit_tag\" value=\"wpcf7-f8043-o1\" \/>\n<input type=\"hidden\" name=\"_wpcf7_container_post\" value=\"0\" \/>\n<input type=\"hidden\" name=\"_wpcf7_posted_data_hash\" value=\"\" \/>\n<input type=\"hidden\" name=\"_wpcf7_recaptcha_response\" value=\"\" \/>\n<\/div>\n<div class=\"form-style-3\">\n\t<div class=\"columns_wrap\">\n\t\t<div class=\"column-1_2\">\n\t\t\t<p><span class=\"style-line icon-name\"><span class=\"wpcf7-form-control-wrap\" data-name=\"your-name\"><input size=\"40\" maxlength=\"400\" class=\"wpcf7-form-control wpcf7-text wpcf7-validates-as-required\" aria-required=\"true\" aria-invalid=\"false\" placeholder=\"Your Name\" value=\"\" type=\"text\" name=\"your-name\" \/><\/span><\/span>\n\t\t\t<\/p>\n\t\t<\/div>\n\t\t<div class=\"column-1_2\">\n\t\t\t<p><span class=\"style-line icon-email\"><span class=\"wpcf7-form-control-wrap\" data-name=\"email\"><input size=\"40\" maxlength=\"400\" class=\"wpcf7-form-control wpcf7-email wpcf7-validates-as-required wpcf7-text wpcf7-validates-as-email\" aria-required=\"true\" aria-invalid=\"false\" placeholder=\"Your email address\" value=\"\" type=\"email\" name=\"email\" \/><\/span><\/span>\n\t\t\t<\/p>\n\t\t<\/div>\n\t<\/div>\n\t<div class=\"columns_wrap\">\n\t\t<div class=\"column-1_2\">\n\t\t\t<p><span class=\"style-line icon-phone\"><span class=\"wpcf7-form-control-wrap\" data-name=\"phone\"><input size=\"40\" maxlength=\"400\" class=\"wpcf7-form-control wpcf7-tel wpcf7-text wpcf7-validates-as-tel\" aria-invalid=\"false\" placeholder=\"Your phone number (optional)\" value=\"\" type=\"tel\" name=\"phone\" \/><\/span><\/span>\n\t\t\t<\/p>\n\t\t<\/div>\n\t\t<div class=\"column-1_2\">\n\t\t\t<p><span class=\"style-line icon-subject\"><span class=\"wpcf7-form-control-wrap\" data-name=\"reason\"><select class=\"wpcf7-form-control wpcf7-select wpcf7-validates-as-required\" aria-required=\"true\" aria-invalid=\"false\" name=\"reason\"><option value=\"S\u00e9lectionnez une raison\">Select a reason<\/option><option value=\"Suggestion\">Suggestion<\/option><option value=\"Probl\u00e8me signal\u00e9\">Reported Issue<\/option><option value=\"Pratique d\u00e9loyale\">Unfair Practice<\/option><option value=\"Autre\">Other<\/option><\/select><\/span><\/span>\n\t\t\t<\/p>\n\t\t<\/div>\n\t<\/div>\n\t<div class=\"columns_wrap margin-bottom\">\n\t\t<div class=\"column-1_1\">\n\t\t\t<p><span class=\"style-line\"><span class=\"wpcf7-form-control-wrap\" data-name=\"acceptance\"><span class=\"wpcf7-form-control wpcf7-checkbox\"><span class=\"wpcf7-list-item first last\"><input type=\"checkbox\" name=\"acceptance[]\" value=\"Je souhaite que mon identit\u00e9 soit prot\u00e9g\u00e9e et communiqu\u00e9e uniquement au r\u00e9f\u00e8rent \u00e9thique, membre de la direction g\u00e9n\u00e9rale du groupe.\" \/><span class=\"wpcf7-list-item-label\">I want my identity to be protected and communicated only to the ethics officer, member of the group's senior management.<\/span><\/span><\/span><\/span><\/span>\n\t\t\t<\/p>\n\t\t<\/div>\n\t<\/div>\n\t<div class=\"columns_wrap margin-bottom\">\n\t\t<div class=\"column-1_1\">\n\t\t\t<p><span class=\"style-line icon-textarea\"><span class=\"wpcf7-form-control-wrap\" data-name=\"message\"><textarea cols=\"40\" rows=\"10\" maxlength=\"2000\" class=\"wpcf7-form-control wpcf7-textarea wpcf7-validates-as-required\" aria-required=\"true\" aria-invalid=\"false\" placeholder=\"Please write your message...\" name=\"message\"><\/textarea><\/span><\/span>\n\t\t\t<\/p>\n\t\t<\/div>\n\t<\/div>\n\n <!-- Optional checkbox to protect identity -->\n\n\n <!-- Submit button -->\n\t<p><input class=\"wpcf7-form-control wpcf7-submit has-spinner\" type=\"submit\" value=\"Submit\" \/>\n\t<\/p>\n<\/div><div class=\"wpcf7-response-output\" aria-hidden=\"true\"><\/div>\n<input type=\"hidden\" name=\"trp-form-language\" value=\"en\"\/><\/form>\n<\/div>\n\t\t\t\t<\/div>\n\t\t\t\t<\/div>\n\t\t\t\t\t<\/div>\n\t\t\t\t<\/div>\n\t\t\t\t<\/div>","protected":false},"excerpt":{"rendered":"<p>Nos engagements M-PLUS s\u2019engage envers ses Parties Prenantes. M-PLUS est engag\u00e9 dans un processus de d\u00e9veloppement durable qui n\u00e9cessite l\u2019identification et l\u2019\u00e9coute de ses Parties Prenantes.Notre d\u00e9marche est \u00e9valu\u00e9e chaque&hellip;<\/p>","protected":false},"author":2,"featured_media":0,"parent":0,"menu_order":0,"comment_status":"closed","ping_status":"closed","template":"","meta":{"footnotes":""},"class_list":["post-6645","page","type-page","status-publish","hentry"],"_links":{"self":[{"href":"https:\/\/m-plusgroup.com\/en\/wp-json\/wp\/v2\/pages\/6645","targetHints":{"allow":["GET"]}}],"collection":[{"href":"https:\/\/m-plusgroup.com\/en\/wp-json\/wp\/v2\/pages"}],"about":[{"href":"https:\/\/m-plusgroup.com\/en\/wp-json\/wp\/v2\/types\/page"}],"author":[{"embeddable":true,"href":"https:\/\/m-plusgroup.com\/en\/wp-json\/wp\/v2\/users\/2"}],"replies":[{"embeddable":true,"href":"https:\/\/m-plusgroup.com\/en\/wp-json\/wp\/v2\/comments?post=6645"}],"version-history":[{"count":137,"href":"https:\/\/m-plusgroup.com\/en\/wp-json\/wp\/v2\/pages\/6645\/revisions"}],"predecessor-version":[{"id":8794,"href":"https:\/\/m-plusgroup.com\/en\/wp-json\/wp\/v2\/pages\/6645\/revisions\/8794"}],"wp:attachment":[{"href":"https:\/\/m-plusgroup.com\/en\/wp-json\/wp\/v2\/media?parent=6645"}],"curies":[{"name":"wp","href":"https:\/\/api.w.org\/{rel}","templated":true}]}}