{"id":6606,"date":"2024-03-19T09:58:52","date_gmt":"2024-03-19T08:58:52","guid":{"rendered":"https:\/\/dev.test.m-plusgroup.com\/?page_id=6606"},"modified":"2025-07-18T13:53:41","modified_gmt":"2025-07-18T12:53:41","slug":"documents","status":"publish","type":"page","link":"https:\/\/m-plusgroup.com\/en\/documents\/","title":{"rendered":"Documents"},"content":{"rendered":"<div data-elementor-type=\"wp-page\" data-elementor-id=\"6606\" class=\"elementor elementor-6606\" data-elementor-post-type=\"page\">\n\t\t\t\t<div class=\"elementor-element elementor-element-4e520411 e-flex e-con-boxed sc_layouts_column_icons_position_left e-con e-parent\" data-id=\"4e520411\" data-element_type=\"container\">\n\t\t\t\t\t<div class=\"e-con-inner\">\n\t\t\t\t<div class=\"elementor-element elementor-element-59e5aa66 sc_fly_static elementor-widget elementor-widget-text-editor\" data-id=\"59e5aa66\" data-element_type=\"widget\" data-widget_type=\"text-editor.default\">\n\t\t\t\t<div class=\"elementor-widget-container\">\n\t\t\t\t\t\t\t\t\t<h2 class=\"wp-block-heading\">Documents<\/h2>\n<p><!-- \/wp:heading --><!-- wp:file {\"id\":6634,\"href\":\"http:\/\/m-plusgroup.com\/wp-content\/uploads\/2024\/03\/EN-Announcement-M-PLUS-continues-to-structure-its-organization-Merger-and-change-of-names-2023-October-10th.pdf\",\"showDownloadButton\":false,\"displayPreview\":false} --><\/p>\n<div class=\"wp-block-file\">Welcome to our official documents page. Here, you will find all the important documents related to our activities, including our newsletters, certificates, and General Terms and Conditions of Sale (GTC). These documents are designed to provide you with a clear understanding of our services, quality standards, and the terms and conditions governing our relationship with you.<\/div>\n<p><!-- \/wp:file --><!-- wp:file {\"id\":6632,\"href\":\"http:\/\/m-plusgroup.com\/wp-content\/uploads\/2024\/03\/Certificat_complet_ISO3834-2_EN.pdf\",\"showDownloadButton\":false,\"displayPreview\":false,\"previewHeight\":200} --><\/p>\n<div class=\"wp-block-file\">\u00a0<\/div>\n<p><!-- \/wp:file --><\/p>\t\t\t\t\t\t\t\t<\/div>\n\t\t\t\t<\/div>\n\t\t\t\t\t<\/div>\n\t\t\t\t<\/div>\n\t\t<div class=\"elementor-element elementor-element-07aa3b0 e-flex e-con-boxed sc_layouts_column_icons_position_left e-con e-parent\" data-id=\"07aa3b0\" data-element_type=\"container\">\n\t\t\t\t\t<div class=\"e-con-inner\">\n\t\t<div class=\"elementor-element elementor-element-e01edd2 e-con-full e-flex sc_layouts_column_icons_position_left e-con e-child\" data-id=\"e01edd2\" data-element_type=\"container\">\n\t\t\t\t<div class=\"elementor-element elementor-element-1e59830 elementor-view-framed elementor-shape-circle sc_fly_static elementor-widget elementor-widget-icon\" data-id=\"1e59830\" data-element_type=\"widget\" data-widget_type=\"icon.default\">\n\t\t\t\t<div class=\"elementor-widget-container\">\n\t\t\t\t\t\t\t<div class=\"elementor-icon-wrapper\">\n\t\t\t<div class=\"elementor-icon\">\n\t\t\t<svg aria-hidden=\"true\" class=\"e-font-icon-svg e-fas-bullhorn\" viewbox=\"0 0 576 512\" xmlns=\"http:\/\/www.w3.org\/2000\/svg\"><path d=\"M576 240c0-23.63-12.95-44.04-32-55.12V32.01C544 23.26 537.02 0 512 0c-7.12 0-14.19 2.38-19.98 7.02l-85.03 68.03C364.28 109.19 310.66 128 256 128H64c-35.35 0-64 28.65-64 64v96c0 35.35 28.65 64 64 64h33.7c-1.39 10.48-2.18 21.14-2.18 32 0 39.77 9.26 77.35 25.56 110.94 5.19 10.69 16.52 17.06 28.4 17.06h74.28c26.05 0 41.69-29.84 25.9-50.56-16.4-21.52-26.15-48.36-26.15-77.44 0-11.11 1.62-21.79 4.41-32H256c54.66 0 108.28 18.81 150.98 52.95l85.03 68.03a32.023 32.023 0 0 0 19.98 7.02c24.92 0 32-22.78 32-32V295.13C563.05 284.04 576 263.63 576 240zm-96 141.42l-33.05-26.44C392.95 311.78 325.12 288 256 288v-96c69.12 0 136.95-23.78 190.95-66.98L480 98.58v282.84z\"><\/path><\/svg>\t\t\t<\/div>\n\t\t<\/div>\n\t\t\t\t\t\t<\/div>\n\t\t\t\t<\/div>\n\t\t\t\t<div class=\"elementor-element elementor-element-dd8434b sc_fly_static elementor-widget elementor-widget-heading\" data-id=\"dd8434b\" data-element_type=\"widget\" data-widget_type=\"heading.default\">\n\t\t\t\t<div class=\"elementor-widget-container\">\n\t\t\t\t\t<h5 class=\"elementor-heading-title elementor-size-default\">News<\/h5>\t\t\t\t<\/div>\n\t\t\t\t<\/div>\n\t\t\t\t<div class=\"elementor-element elementor-element-1044150 sc_fly_static elementor-widget elementor-widget-text-editor\" data-id=\"1044150\" data-element_type=\"widget\" data-widget_type=\"text-editor.default\">\n\t\t\t\t<div class=\"elementor-widget-container\">\n\t\t\t\t\t\t\t\t\t<div class=\"wp-block-file\"><a id=\"wp-block-file--media-a5333256-96a9-4b8a-8501-30760acb8404\" href=\"http:\/\/m-plusgroup.com\/wp-content\/uploads\/2024\/03\/FR-Communique-Le-groupe-M-PLUS-structure-son-organisation-Fusion-et-changements-de-denomination-10-Octobre-2023.pdf\" target=\"_blank\" rel=\"noreferrer noopener\"><strong>FR &#8211; Communiqu\u00e9 &#8211; Le groupe M-PLUS structure son organisation &#8211; Fusion et changements de d\u00e9nomination &#8211; 10 Octobre 2023<\/strong><\/a><\/div>\t\t\t\t\t\t\t\t<\/div>\n\t\t\t\t<\/div>\n\t\t\t\t<\/div>\n\t\t<div class=\"elementor-element elementor-element-42b3314 e-con-full e-flex sc_layouts_column_icons_position_left e-con e-child\" data-id=\"42b3314\" data-element_type=\"container\">\n\t\t\t\t<div class=\"elementor-element elementor-element-873013b elementor-view-framed elementor-shape-circle sc_fly_static elementor-widget elementor-widget-icon\" data-id=\"873013b\" data-element_type=\"widget\" data-widget_type=\"icon.default\">\n\t\t\t\t<div class=\"elementor-widget-container\">\n\t\t\t\t\t\t\t<div class=\"elementor-icon-wrapper\">\n\t\t\t<div class=\"elementor-icon\">\n\t\t\t<svg aria-hidden=\"true\" class=\"e-font-icon-svg e-fas-stamp\" viewbox=\"0 0 512 512\" xmlns=\"http:\/\/www.w3.org\/2000\/svg\"><path d=\"M32 512h448v-64H32v64zm384-256h-66.56c-16.26 0-29.44-13.18-29.44-29.44v-9.46c0-27.37 8.88-53.41 21.46-77.72 9.11-17.61 12.9-38.39 9.05-60.42-6.77-38.78-38.47-70.7-77.26-77.45C212.62-9.04 160 37.33 160 96c0 14.16 3.12 27.54 8.69 39.58C182.02 164.43 192 194.7 192 226.49v.07c0 16.26-13.18 29.44-29.44 29.44H96c-53.02 0-96 42.98-96 96v32c0 17.67 14.33 32 32 32h448c17.67 0 32-14.33 32-32v-32c0-53.02-42.98-96-96-96z\"><\/path><\/svg>\t\t\t<\/div>\n\t\t<\/div>\n\t\t\t\t\t\t<\/div>\n\t\t\t\t<\/div>\n\t\t\t\t<div class=\"elementor-element elementor-element-4d3b181 sc_fly_static elementor-widget elementor-widget-heading\" data-id=\"4d3b181\" data-element_type=\"widget\" data-widget_type=\"heading.default\">\n\t\t\t\t<div class=\"elementor-widget-container\">\n\t\t\t\t\t<h5 class=\"elementor-heading-title elementor-size-default\">Certificats<\/h5>\t\t\t\t<\/div>\n\t\t\t\t<\/div>\n\t\t\t\t<div class=\"elementor-element elementor-element-31050d5 sc_fly_static elementor-widget elementor-widget-text-editor\" data-id=\"31050d5\" data-element_type=\"widget\" data-widget_type=\"text-editor.default\">\n\t\t\t\t<div class=\"elementor-widget-container\">\n\t\t\t\t\t\t\t\t\t<div class=\"wp-block-file\"><a href=\"http:\/\/m-plusgroup.com\/wp-content\/uploads\/2025\/07\/Certificat-M-PLUS-France-ISO3834-2-FR.pdf\" target=\"_blank\" rel=\"noopener\"><strong>ISO 3834-2 &#8211; M-PLUS France &#8211; 2025<\/strong><\/a><\/div>\n<p><!-- \/wp:file --><!-- wp:file {\"id\":6637,\"href\":\"http:\/\/m-plusgroup.com\/wp-content\/uploads\/2024\/03\/Certificat-DNV-validite-2026-10-07.pdf\",\"showDownloadButton\":false,\"displayPreview\":false,\"previewHeight\":200} --><\/p>\n<p><!-- \/wp:file --><!-- wp:file {\"id\":6630,\"href\":\"http:\/\/m-plusgroup.com\/wp-content\/uploads\/2024\/03\/Certificat-EN9100-M-PLUS-Group-MACPLUS-MECAPLUS-valid-2024-06.pdf\",\"showDownloadButton\":false,\"displayPreview\":false} --><\/p>\n<div class=\"wp-block-file\"><a href=\"https:\/\/m-plusgroup.com\/wp-content\/uploads\/2025\/07\/Certificat-M-PLUS-Group-M-PLUS-France-DOMAERO-EN_9100-valid-2027-06.pdf\" target=\"_blank\" rel=\"noopener\"><strong>EN 9100 &amp; ISO 9001 &#8211; <\/strong><strong>M-PLUS France &#8211; DOMAERO &#8211; 2025<\/strong><\/a><\/div>\n<p><!-- \/wp:file --><!-- wp:file {\"id\":6631,\"href\":\"http:\/\/m-plusgroup.com\/wp-content\/uploads\/2024\/03\/Certificat-ISO9001-M-PLUS-Group-MACPLUS-MECAPLUS-valid-2024-06.pdf\",\"showDownloadButton\":false,\"displayPreview\":false} --><\/p>\n<p><!-- \/wp:file --><!-- wp:file {\"id\":6638,\"href\":\"http:\/\/m-plusgroup.com\/wp-content\/uploads\/2024\/03\/Certificat-DOMAERO-EN9100-2025-AS-1230-07_DOMAERO_AS9100D_Recert_2021-JY.pdf\",\"showDownloadButton\":false,\"displayPreview\":false} --><\/p>\n<p><!-- \/wp:file --><!-- wp:file {\"id\":6628,\"href\":\"http:\/\/m-plusgroup.com\/wp-content\/uploads\/2024\/03\/Certificat-DOMAERO-ISO-14001-2024.pdf\",\"showDownloadButton\":false,\"displayPreview\":false} --><\/p>\n<p class=\"wp-block-file\"><a id=\"wp-block-file--media-3f9b7170-c9f4-4809-b3bf-0936e11ad564\" href=\"https:\/\/m-plusgroup.com\/wp-content\/uploads\/2025\/01\/FR-ISO-14001-2015-ACCREDIA_rev2024-_CERTI-SGA-N-0044MS.pdf\" target=\"_blank\" rel=\"noreferrer noopener\"><strong>ISO 14001 &#8211; DOMAERO &#8211; 2024<\/strong><\/a><\/p>\n<div class=\"wp-block-file\"><a id=\"wp-block-file--media-4389c0a8-1872-4bc4-82d6-b8123eb8c776\" href=\"http:\/\/m-plusgroup.com\/wp-content\/uploads\/2024\/12\/M-Plus-Central-Europe_Tanusitvany-MSZ-EN-ISO-3834_E.pdf\" target=\"_blank\" rel=\"noreferrer noopener\"><strong>EN ISO 3834-2 &#8211; M-PLUS Central Europe -2024<\/strong><\/a><\/div>\n<p><!-- \/wp:file --><!-- wp:file {\"id\":6628,\"href\":\"http:\/\/m-plusgroup.com\/wp-content\/uploads\/2024\/03\/Certificat-DOMAERO-ISO-14001-2024.pdf\",\"showDownloadButton\":false,\"displayPreview\":false} --><\/p>\n<p class=\"wp-block-file\"><a id=\"wp-block-file--media-3f9b7170-c9f4-4809-b3bf-0936e11ad564\" href=\"http:\/\/m-plusgroup.com\/wp-content\/uploads\/2024\/12\/M-PLus-Kft_QMS_2023_01-100-2324068_Main_EN.pdf\" target=\"_blank\" rel=\"noreferrer noopener\"><strong>EN ISO 9001 &#8211; M-PLUS Central Europe &#8211; 2023<\/strong><\/a><\/p>\t\t\t\t\t\t\t\t<\/div>\n\t\t\t\t<\/div>\n\t\t\t\t<\/div>\n\t\t<div class=\"elementor-element elementor-element-e0683c8 e-con-full e-flex sc_layouts_column_icons_position_left e-con e-child\" data-id=\"e0683c8\" data-element_type=\"container\">\n\t\t\t\t<div class=\"elementor-element elementor-element-23156e8 elementor-view-framed elementor-shape-circle sc_fly_static elementor-widget elementor-widget-icon\" data-id=\"23156e8\" data-element_type=\"widget\" data-widget_type=\"icon.default\">\n\t\t\t\t<div class=\"elementor-widget-container\">\n\t\t\t\t\t\t\t<div class=\"elementor-icon-wrapper\">\n\t\t\t<div class=\"elementor-icon\">\n\t\t\t<svg aria-hidden=\"true\" class=\"e-font-icon-svg e-fas-archive\" viewbox=\"0 0 512 512\" xmlns=\"http:\/\/www.w3.org\/2000\/svg\"><path d=\"M32 448c0 17.7 14.3 32 32 32h384c17.7 0 32-14.3 32-32V160H32v288zm160-212c0-6.6 5.4-12 12-12h104c6.6 0 12 5.4 12 12v8c0 6.6-5.4 12-12 12H204c-6.6 0-12-5.4-12-12v-8zM480 32H32C14.3 32 0 46.3 0 64v48c0 8.8 7.2 16 16 16h480c8.8 0 16-7.2 16-16V64c0-17.7-14.3-32-32-32z\"><\/path><\/svg>\t\t\t<\/div>\n\t\t<\/div>\n\t\t\t\t\t\t<\/div>\n\t\t\t\t<\/div>\n\t\t\t\t<div class=\"elementor-element elementor-element-9bfd617 sc_fly_static elementor-widget elementor-widget-heading\" data-id=\"9bfd617\" data-element_type=\"widget\" data-widget_type=\"heading.default\">\n\t\t\t\t<div class=\"elementor-widget-container\">\n\t\t\t\t\t<h5 class=\"elementor-heading-title elementor-size-default\">Documents contractuels<\/h5>\t\t\t\t<\/div>\n\t\t\t\t<\/div>\n\t\t\t\t<div class=\"elementor-element elementor-element-34448ac sc_fly_static elementor-widget elementor-widget-text-editor\" data-id=\"34448ac\" data-element_type=\"widget\" data-widget_type=\"text-editor.default\">\n\t\t\t\t<div class=\"elementor-widget-container\">\n\t\t\t\t\t\t\t\t\t<div class=\"wp-block-file\"><a href=\"https:\/\/m-plusgroup.com\/wp-content\/uploads\/2024\/12\/1-DEV-GROU-001-FR-Conditions-Generales-de-Ventes-M-Plus-Group-2024-12-02.pdf\" target=\"_blank\" rel=\"noopener\"><strong>Conditions G\u00e9n\u00e9rales de Ventes &#8211; FR<\/strong><\/a><\/div>\n<p><!-- \/wp:file --><!-- wp:file {\"id\":6633,\"href\":\"http:\/\/m-plusgroup.com\/wp-content\/uploads\/2024\/03\/Certificat_complet_ISO3834-2_FR.pdf\",\"showDownloadButton\":false,\"displayPreview\":false} --><\/p>\n<div class=\"wp-block-file\"><a href=\"https:\/\/m-plusgroup.com\/wp-content\/uploads\/2024\/12\/1-DEV-GROU-001-EN-Terms-Conditions-M-Plus-Group-2024-12-02.pdf\" target=\"_blank\" rel=\"noopener\"><strong>Conditions G\u00e9n\u00e9rales de Ventes &#8211; EN<\/strong><\/a><\/div>\n<div class=\"wp-block-file\">\n<p><a href=\"http:\/\/m-plusgroup.com\/wp-content\/uploads\/2025\/03\/Conditions-Generales-dAchat.pdf\" target=\"_blank\" rel=\"noopener\"><strong>Conditions G\u00e9n\u00e9rales d&#8217;Achat<\/strong><\/a><\/p>\n<\/div>\t\t\t\t\t\t\t\t<\/div>\n\t\t\t\t<\/div>\n\t\t\t\t<\/div>\n\t\t\t\t\t<\/div>\n\t\t\t\t<\/div>\n\t\t<div class=\"elementor-element elementor-element-7e0c8b4 e-flex e-con-boxed sc_layouts_column_icons_position_left e-con e-parent\" data-id=\"7e0c8b4\" data-element_type=\"container\">\n\t\t\t\t\t<div class=\"e-con-inner\">\n\t\t<div class=\"elementor-element elementor-element-d509a3c e-con-full e-flex sc_layouts_column_icons_position_left e-con e-child\" data-id=\"d509a3c\" data-element_type=\"container\">\n\t\t\t\t<div class=\"elementor-element elementor-element-07d0463 sc_fly_static elementor-widget elementor-widget-text-editor\" data-id=\"07d0463\" data-element_type=\"widget\" data-widget_type=\"text-editor.default\">\n\t\t\t\t<div class=\"elementor-widget-container\">\n\t\t\t\t\t\t\t\t\t<div class=\"wp-block-file\">If you would like to obtain our latest CSR Report, our Management Manual, our Nuclear Safety or Aerospace Security Manual or any other restricted-distribution document, kindly send us your request via the form below, specifying the purpose of your request.\u00a0<\/div>\n<p><!-- \/wp:file --><!-- wp:file {\"id\":6632,\"href\":\"http:\/\/m-plusgroup.com\/wp-content\/uploads\/2024\/03\/Certificat_complet_ISO3834-2_EN.pdf\",\"showDownloadButton\":false,\"displayPreview\":false,\"previewHeight\":200} --><\/p>\n<p><!-- \/wp:file --><\/p>\t\t\t\t\t\t\t\t<\/div>\n\t\t\t\t<\/div>\n\t\t\t\t<\/div>\n\t\t\t\t<div class=\"elementor-element elementor-element-1c80f86 sc_fly_static elementor-widget elementor-widget-shortcode\" data-id=\"1c80f86\" data-element_type=\"widget\" data-widget_type=\"shortcode.default\">\n\t\t\t\t<div class=\"elementor-widget-container\">\n\t\t\t\t\t\t\t<div class=\"elementor-shortcode\">\n<div class=\"wpcf7 no-js\" id=\"wpcf7-f7761-o1\" lang=\"en-US\" dir=\"ltr\" data-wpcf7-id=\"7761\">\n<div class=\"screen-reader-response\"><p role=\"status\" aria-live=\"polite\" aria-atomic=\"true\"><\/p> <ul><\/ul><\/div>\n<form action=\"\/en\/wp-json\/wp\/v2\/pages\/6606#wpcf7-f7761-o1\" method=\"post\" class=\"wpcf7-form init\" aria-label=\"Contact form\" novalidate=\"novalidate\" data-status=\"init\" data-trp-original-action=\"\/en\/wp-json\/wp\/v2\/pages\/6606#wpcf7-f7761-o1\">\n<div style=\"display: none;\">\n<input type=\"hidden\" name=\"_wpcf7\" value=\"7761\" \/>\n<input type=\"hidden\" name=\"_wpcf7_version\" value=\"6.0.6\" \/>\n<input type=\"hidden\" name=\"_wpcf7_locale\" value=\"en_US\" \/>\n<input type=\"hidden\" name=\"_wpcf7_unit_tag\" value=\"wpcf7-f7761-o1\" \/>\n<input type=\"hidden\" name=\"_wpcf7_container_post\" value=\"0\" \/>\n<input type=\"hidden\" name=\"_wpcf7_posted_data_hash\" value=\"\" \/>\n<input type=\"hidden\" name=\"_wpcf7_recaptcha_response\" value=\"\" \/>\n<\/div>\n<div class=\"form-style-3\">\n\t<div class=\"columns_wrap\">\n\t\t<div class=\"column-1_2\">\n\t\t\t<p><span class=\"style-line icon-name\"><span class=\"wpcf7-form-control-wrap\" data-name=\"your-name\"><input size=\"40\" maxlength=\"400\" class=\"wpcf7-form-control wpcf7-text wpcf7-validates-as-required\" aria-required=\"true\" aria-invalid=\"false\" placeholder=\"Enter Your Full Name\" value=\"\" type=\"text\" name=\"your-name\" \/><\/span><\/span>\n\t\t\t<\/p>\n\t\t<\/div>\n\t\t<div class=\"column-1_2\">\n\t\t\t<p><span class=\"style-line icon-email\"><span class=\"wpcf7-form-control-wrap\" data-name=\"email\"><input size=\"40\" maxlength=\"400\" class=\"wpcf7-form-control wpcf7-email wpcf7-validates-as-required wpcf7-text wpcf7-validates-as-email\" aria-required=\"true\" aria-invalid=\"false\" placeholder=\"Your email address\" value=\"\" type=\"email\" name=\"email\" \/><\/span><\/span>\n\t\t\t<\/p>\n\t\t<\/div>\n\t<\/div>\n\t<div class=\"columns_wrap\">\n\t\t<div class=\"column-1_2\">\n\t\t\t<p><span class=\"style-line icon-briefcase\"><span class=\"wpcf7-form-control-wrap\" data-name=\"company\"><input size=\"40\" maxlength=\"400\" class=\"wpcf7-form-control wpcf7-text\" aria-invalid=\"false\" placeholder=\"Name of Your Company or Organization\" value=\"\" type=\"text\" name=\"company\" \/><\/span><\/span>\n\t\t\t<\/p>\n\t\t<\/div>\n\t\t<div class=\"column-1_2\">\n\t\t\t<p><span class=\"style-line icon-document\"><span class=\"wpcf7-form-control-wrap\" data-name=\"document\"><select class=\"wpcf7-form-control wpcf7-select wpcf7-validates-as-required\" aria-required=\"true\" aria-invalid=\"false\" name=\"document\"><option value=\"S\u00e9lectionner le document\">Select the document<\/option><option value=\"Code de conduite des Fournisseurs\">Supplier Code of Conduct<\/option><option value=\"Rapport RSE\">CSR Report<\/option><option value=\"Manuel de management\">Management Manual<\/option><option value=\"Manuel de S\u00e9curit\u00e9 A\u00e9ronautique\">Aerospace Security Manual<\/option><option value=\"Suret\u00e9 Nucl\u00e9aire\">Nuclear Safety<\/option><option value=\"Pr\u00e9sentation commerciale\">Business Presentation<\/option><option value=\"Autres\">Others<\/option><\/select><\/span><\/span>\n\t\t\t<\/p>\n\t\t<\/div>\n\t<\/div>\n\t<div class=\"columns_wrap margin-bottom\">\n\t\t<div class=\"column-1_1\">\n\t\t\t<p><span class=\"style-line icon-textarea\"><span class=\"wpcf7-form-control-wrap\" data-name=\"reason\"><textarea cols=\"40\" rows=\"10\" maxlength=\"2000\" class=\"wpcf7-form-control wpcf7-textarea wpcf7-validates-as-required\" aria-required=\"true\" aria-invalid=\"false\" placeholder=\"Reason for Document Request (Stakeholder requesting access to the CSR report, supplier integration, etc.)\" name=\"reason\"><\/textarea><\/span><\/span>\n\t\t\t<\/p>\n\t\t<\/div>\n\t<\/div>\n\t<p><input class=\"wpcf7-form-control wpcf7-submit has-spinner\" type=\"submit\" value=\"Submit Document Request\" \/><br \/>\n<span class=\"wpcf7-form-control-wrap\" data-name=\"acceptance\"><span class=\"wpcf7-form-control wpcf7-acceptance\"><span class=\"wpcf7-list-item\"><label><input type=\"checkbox\" name=\"acceptance\" value=\"1\" aria-invalid=\"false\" \/><span class=\"wpcf7-list-item-label\">I agree for my data to be <a href=\"\/en\/privacy-policy\/\">collected and stored.<\/a>.<\/span><\/label><\/span><\/span><\/span>\n\t<\/p>\n<\/div><div class=\"wpcf7-response-output\" aria-hidden=\"true\"><\/div>\n<input type=\"hidden\" name=\"trp-form-language\" value=\"en\"\/><\/form>\n<\/div>\n<\/div>\n\t\t\t\t\t\t<\/div>\n\t\t\t\t<\/div>\n\t\t\t\t\t<\/div>\n\t\t\t\t<\/div>\n\t\t\t\t<\/div>","protected":false},"excerpt":{"rendered":"<p>Documents Bienvenue sur notre page de documents officiels. Ici, vous trouverez tous les documents importants relatifs \u00e0 notre activit\u00e9, incluant nos newsletters, nos certificats et nos Conditions G\u00e9n\u00e9rales de Vente&hellip;<\/p>","protected":false},"author":2,"featured_media":0,"parent":0,"menu_order":0,"comment_status":"closed","ping_status":"closed","template":"","meta":{"footnotes":""},"class_list":["post-6606","page","type-page","status-publish","hentry"],"_links":{"self":[{"href":"https:\/\/m-plusgroup.com\/en\/wp-json\/wp\/v2\/pages\/6606","targetHints":{"allow":["GET"]}}],"collection":[{"href":"https:\/\/m-plusgroup.com\/en\/wp-json\/wp\/v2\/pages"}],"about":[{"href":"https:\/\/m-plusgroup.com\/en\/wp-json\/wp\/v2\/types\/page"}],"author":[{"embeddable":true,"href":"https:\/\/m-plusgroup.com\/en\/wp-json\/wp\/v2\/users\/2"}],"replies":[{"embeddable":true,"href":"https:\/\/m-plusgroup.com\/en\/wp-json\/wp\/v2\/comments?post=6606"}],"version-history":[{"count":131,"href":"https:\/\/m-plusgroup.com\/en\/wp-json\/wp\/v2\/pages\/6606\/revisions"}],"predecessor-version":[{"id":8995,"href":"https:\/\/m-plusgroup.com\/en\/wp-json\/wp\/v2\/pages\/6606\/revisions\/8995"}],"wp:attachment":[{"href":"https:\/\/m-plusgroup.com\/en\/wp-json\/wp\/v2\/media?parent=6606"}],"curies":[{"name":"wp","href":"https:\/\/api.w.org\/{rel}","templated":true}]}}