{"id":6559,"date":"2024-03-14T15:50:19","date_gmt":"2024-03-14T14:50:19","guid":{"rendered":"https:\/\/dev.test.m-plusgroup.com\/job-openings\/"},"modified":"2024-11-27T16:06:24","modified_gmt":"2024-11-27T15:06:24","slug":"rejoignez-nous","status":"publish","type":"page","link":"https:\/\/m-plusgroup.com\/en\/rejoignez-nous\/","title":{"rendered":"Join Us"},"content":{"rendered":"\t\t<div data-elementor-type=\"wp-page\" data-elementor-id=\"6559\" class=\"elementor elementor-6559\" data-elementor-post-type=\"page\">\n\t\t\t\t<div class=\"elementor-element elementor-element-c7a875c e-flex e-con-boxed sc_layouts_column_icons_position_left e-con e-parent\" data-id=\"c7a875c\" data-element_type=\"container\">\n\t\t\t\t\t<div class=\"e-con-inner\">\n\t\t\t\t<div class=\"elementor-element elementor-element-72119b6 sc_fly_static elementor-widget elementor-widget-heading\" data-id=\"72119b6\" data-element_type=\"widget\" data-widget_type=\"heading.default\">\n\t\t\t\t<div class=\"elementor-widget-container\">\n\t\t\t\t\t<h2 class=\"elementor-heading-title elementor-size-default\">Rejoignez-nous<\/h2>\t\t\t\t<\/div>\n\t\t\t\t<\/div>\n\t\t<div class=\"elementor-element elementor-element-0d784b2 e-con-full e-flex sc_layouts_column_icons_position_left e-con e-child\" data-id=\"0d784b2\" data-element_type=\"container\">\n\t\t\t\t<div class=\"elementor-element elementor-element-96a1c47 sc_fly_static elementor-widget elementor-widget-text-editor\" data-id=\"96a1c47\" data-element_type=\"widget\" data-widget_type=\"text-editor.default\">\n\t\t\t\t<div class=\"elementor-widget-container\">\n\t\t\t\t\t\t\t\t\t<p>M-PLUS est une entreprise <strong>humaine<\/strong> et une entreprise <strong>conqu\u00e9rante<\/strong>. Il s\u2019agit de 2 Valeurs du groupe d\u00e9finies par nos \u00e9quipes elles-m\u00eames. Cela s\u2019illustre par la <strong>convivialit\u00e9<\/strong>, l\u2019esprit <strong>famille<\/strong>, la proximit\u00e9 des dirigeants, <strong>l\u2019esprit d\u2019\u00e9quipe<\/strong>, la <strong>coh\u00e9sion<\/strong>, le <strong>d\u00e9veloppement<\/strong>, <strong>l\u2019entreprenariat<\/strong>, la <strong>remise en cause<\/strong>, la recherche de la <strong>meilleure<\/strong> <strong>performance<\/strong> dans le respect des capacit\u00e9s de chacun, <strong>l\u2019innovation<\/strong>\u2026<\/p><p>Si ces termes \u00e9voquent en vous des sensations <strong>positives<\/strong>, il y a de fortes chances que <strong>vous aimerez travailler avec nous<\/strong>\u00a0!<\/p>\t\t\t\t\t\t\t\t<\/div>\n\t\t\t\t<\/div>\n\t\t\t\t<\/div>\n\t\t\t\t<div class=\"elementor-element elementor-element-decb02d sc_fly_static elementor-widget elementor-widget-text-editor\" data-id=\"decb02d\" data-element_type=\"widget\" data-widget_type=\"text-editor.default\">\n\t\t\t\t<div class=\"elementor-widget-container\">\n\t\t\t\t\t\t\t\t\t<p>\t<div class=\"awsm-job-wrap\">\n\n\t\t<div class=\"awsm-filter-wrap awsm-no-search-filter-wrap\"><form action=\"https:\/\/m-plusgroup.com\/wp-admin\/admin-ajax.php\" method=\"POST\"><a href=\"#\" class=\"awsm-filter-toggle\" role=\"button\" aria-pressed=\"false\"><span class=\"awsm-filter-toggle-text-wrapper\">Filter by<\/span><svg width=\"100\" height=\"100\" viewBox=\"0 0 100 100\" xmlns=\"http:\/\/www.w3.org\/2000\/svg\" version=\"1.1\" preserveAspectRatio=\"xMinYMin\"><path xmlns=\"http:\/\/www.w3.org\/2000\/svg\" fill=\"rgb(9.803922%,9.803922%,9.803922%)\" d=\"M 36.417969 19.9375 L 36.417969 17.265625 C 36.417969 16.160156 35.523438 15.265625 34.417969 15.265625 L 21.578125 15.265625 C 20.476562 15.265625 19.578125 16.160156 19.578125 17.265625 L 19.578125 19.9375 L 11 19.9375 L 11 26.9375 L 19.578125 26.9375 L 19.578125 30.105469 C 19.578125 31.210938 20.476562 32.105469 21.578125 32.105469 L 34.417969 32.105469 C 35.523438 32.105469 36.417969 31.210938 36.417969 30.105469 L 36.417969 26.9375 L 89 26.9375 L 89 19.9375 Z M 58.421875 43.578125 C 58.421875 42.476562 57.527344 41.578125 56.421875 41.578125 L 43.582031 41.578125 C 42.480469 41.578125 41.582031 42.476562 41.582031 43.578125 L 41.582031 46.5 L 11 46.5 L 11 53.5 L 41.582031 53.5 L 41.582031 56.421875 C 41.582031 57.527344 42.480469 58.421875 43.582031 58.421875 L 56.421875 58.421875 C 57.527344 58.421875 58.421875 57.527344 58.421875 56.421875 L 58.421875 53.5 L 89 53.5 L 89 46.5 L 58.421875 46.5 Z M 80.417969 70.140625 C 80.417969 69.035156 79.523438 68.140625 78.417969 68.140625 L 65.578125 68.140625 C 64.476562 68.140625 63.578125 69.035156 63.578125 70.140625 L 63.578125 73.0625 L 11 73.0625 L 11 80.0625 L 63.578125 80.0625 L 63.578125 82.984375 C 63.578125 84.085938 64.476562 84.984375 65.578125 84.984375 L 78.417969 84.984375 C 79.523438 84.984375 80.417969 84.085938 80.417969 82.984375 L 80.417969 80.0625 L 89 80.0625 L 89 73.0625 L 80.417969 73.0625 Z M 80.417969 70.140625\"\/><\/svg><\/a><div class=\"awsm-filter-items\"><div class=\"awsm-filter-item\" data-filter=\"job__category_spec\"><label for=\"awsm-job-category-filter-option-1\" class=\"awsm-sr-only\">All Job Category<\/label><select name=\"awsm_job_spec[job-category]\" class=\"awsm-filter-option awsm-job-category-filter-option\" id=\"awsm-job-category-filter-option-1\" aria-label=\"All Job Category\"><option value=\"\">All Job Category<\/option><option value=\"123\" data-slug=\"chaudronnerie\">Chaudronnerie<\/option><option value=\"128\" data-slug=\"commande-numerique\">Commande num\u00e9rique<\/option><option value=\"126\" data-slug=\"supply-chain\">Supply Chain<\/option><option value=\"122\" data-slug=\"usinage\">Usinage<\/option><\/select><\/div><div class=\"awsm-filter-item\" data-filter=\"job__type_spec\"><label for=\"awsm-job-type-filter-option-1\" class=\"awsm-sr-only\">All Job Type<\/label><select name=\"awsm_job_spec[job-type]\" class=\"awsm-filter-option awsm-job-type-filter-option\" id=\"awsm-job-type-filter-option-1\" aria-label=\"All Job Type\"><option value=\"\">All Job Type<\/option><option value=\"109\" data-slug=\"full-time\">Full Time<\/option><\/select><\/div><div class=\"awsm-filter-item\" data-filter=\"job__location_spec\"><label for=\"awsm-job-location-filter-option-1\" class=\"awsm-sr-only\">All Job Location<\/label><select name=\"awsm_job_spec[job-location]\" class=\"awsm-filter-option awsm-job-location-filter-option\" id=\"awsm-job-location-filter-option-1\" aria-label=\"All Job Location\"><option value=\"\">All Job Location<\/option><option value=\"121\" data-slug=\"domaero-issoire\">Domaero (Issoire)<\/option><option value=\"119\" data-slug=\"m-plus-france-belfort\">M-Plus France (Belfort)<\/option><\/select><\/div><\/div><input type=\"hidden\" name=\"action\" value=\"jobfilter\"><\/form><\/div>\n\t\t<div class=\"awsm-job-listings awsm-lists\" data-listings=\"10\">\n\t\t\t<div class=\"awsm-job-listing-item awsm-list-item\" id=\"awsm-list-item-9310\">\t\t<div class=\"awsm-job-item\">\t\t\t<div class=\"awsm-list-left-col\">\n\t\t\t\t\n\t\t\t\t\n\t\t\t\t<h2 class=\"awsm-job-post-title\">\n\t\t\t\t\t<a href=\"https:\/\/m-plusgroup.com\/en\/jobs\/ebavureur-ajusteur-h-f\/\">Ebavureur\/ ajusteur- H\/F<\/a>\t\t\t\t<\/h2>\n\n\t\t\t\t\t\t\t<\/div>\n\n\t\t\t<div class=\"awsm-list-right-col\">\n\t\t\t\t<div class=\"awsm-job-specification-wrapper\"><div class=\"awsm-job-specification-item awsm-job-specification-job-category\"><span class=\"awsm-job-specification-term\">Usinage<\/span> <\/div><div class=\"awsm-job-specification-item awsm-job-specification-job-location\"><span class=\"awsm-job-specification-term\">M-Plus France (Belfort)<\/span> <\/div><\/div><div class=\"awsm-job-more-container\"><a class=\"awsm-job-more\" href=\"https:\/\/m-plusgroup.com\/en\/jobs\/ebavureur-ajusteur-h-f\/\">More Details <span><\/span><\/a><\/div>\t\t\t<\/div>\n\t\t<\/div>\t<\/div><div class=\"awsm-job-listing-item awsm-list-item\" id=\"awsm-list-item-9304\">\t\t<div class=\"awsm-job-item\">\t\t\t<div class=\"awsm-list-left-col\">\n\t\t\t\t\n\t\t\t\t\n\t\t\t\t<h2 class=\"awsm-job-post-title\">\n\t\t\t\t\t<a href=\"https:\/\/m-plusgroup.com\/en\/jobs\/tourneur-grande-dimension-h-f\/\">Tourneur grande dimension H\/F<\/a>\t\t\t\t<\/h2>\n\n\t\t\t\t\t\t\t<\/div>\n\n\t\t\t<div class=\"awsm-list-right-col\">\n\t\t\t\t<div class=\"awsm-job-specification-wrapper\"><div class=\"awsm-job-specification-item awsm-job-specification-job-category\"><span class=\"awsm-job-specification-term\">Usinage<\/span> <\/div><div class=\"awsm-job-specification-item awsm-job-specification-job-location\"><span class=\"awsm-job-specification-term\">M-Plus France (Belfort)<\/span> <\/div><\/div><div class=\"awsm-job-more-container\"><a class=\"awsm-job-more\" href=\"https:\/\/m-plusgroup.com\/en\/jobs\/tourneur-grande-dimension-h-f\/\">More Details <span><\/span><\/a><\/div>\t\t\t<\/div>\n\t\t<\/div>\t<\/div><div class=\"awsm-job-listing-item awsm-list-item\" id=\"awsm-list-item-9302\">\t\t<div class=\"awsm-job-item\">\t\t\t<div class=\"awsm-list-left-col\">\n\t\t\t\t\n\t\t\t\t\n\t\t\t\t<h2 class=\"awsm-job-post-title\">\n\t\t\t\t\t<a href=\"https:\/\/m-plusgroup.com\/en\/jobs\/chaudronnier-h-f\/\">Chaudronnier H\/F<\/a>\t\t\t\t<\/h2>\n\n\t\t\t\t\t\t\t<\/div>\n\n\t\t\t<div class=\"awsm-list-right-col\">\n\t\t\t\t<div class=\"awsm-job-specification-wrapper\"><div class=\"awsm-job-specification-item awsm-job-specification-job-category\"><span class=\"awsm-job-specification-term\">Chaudronnerie<\/span> <\/div><div class=\"awsm-job-specification-item awsm-job-specification-job-location\"><span class=\"awsm-job-specification-term\">M-Plus France (Belfort)<\/span> <\/div><\/div><div class=\"awsm-job-more-container\"><a class=\"awsm-job-more\" href=\"https:\/\/m-plusgroup.com\/en\/jobs\/chaudronnier-h-f\/\">More Details <span><\/span><\/a><\/div>\t\t\t<\/div>\n\t\t<\/div>\t<\/div><div class=\"awsm-job-listing-item awsm-list-item\" id=\"awsm-list-item-9300\">\t\t<div class=\"awsm-job-item\">\t\t\t<div class=\"awsm-list-left-col\">\n\t\t\t\t\n\t\t\t\t\n\t\t\t\t<h2 class=\"awsm-job-post-title\">\n\t\t\t\t\t<a href=\"https:\/\/m-plusgroup.com\/en\/jobs\/expert-erp-h-f\/\">Expert ERP H\/F<\/a>\t\t\t\t<\/h2>\n\n\t\t\t\t\t\t\t<\/div>\n\n\t\t\t<div class=\"awsm-list-right-col\">\n\t\t\t\t<div class=\"awsm-job-specification-wrapper\"><div class=\"awsm-job-specification-item awsm-job-specification-job-category\"><span class=\"awsm-job-specification-term\">Supply Chain<\/span> <\/div><div class=\"awsm-job-specification-item awsm-job-specification-job-location\"><span class=\"awsm-job-specification-term\">M-Plus France (Belfort)<\/span> <\/div><\/div><div class=\"awsm-job-more-container\"><a class=\"awsm-job-more\" href=\"https:\/\/m-plusgroup.com\/en\/jobs\/expert-erp-h-f\/\">More Details <span><\/span><\/a><\/div>\t\t\t<\/div>\n\t\t<\/div>\t<\/div><div class=\"awsm-job-listing-item awsm-list-item\" id=\"awsm-list-item-9298\">\t\t<div class=\"awsm-job-item\">\t\t\t<div class=\"awsm-list-left-col\">\n\t\t\t\t\n\t\t\t\t\n\t\t\t\t<h2 class=\"awsm-job-post-title\">\n\t\t\t\t\t<a href=\"https:\/\/m-plusgroup.com\/en\/jobs\/superviseur-de-production-h-f\/\">Superviseur de production H\/F<\/a>\t\t\t\t<\/h2>\n\n\t\t\t\t\t\t\t<\/div>\n\n\t\t\t<div class=\"awsm-list-right-col\">\n\t\t\t\t<div class=\"awsm-job-specification-wrapper\"><div class=\"awsm-job-specification-item awsm-job-specification-job-category\"><span class=\"awsm-job-specification-term\">Chaudronnerie<\/span> <\/div><div class=\"awsm-job-specification-item awsm-job-specification-job-location\"><span class=\"awsm-job-specification-term\">M-Plus France (Belfort)<\/span> <\/div><\/div><div class=\"awsm-job-more-container\"><a class=\"awsm-job-more\" href=\"https:\/\/m-plusgroup.com\/en\/jobs\/superviseur-de-production-h-f\/\">More Details <span><\/span><\/a><\/div>\t\t\t<\/div>\n\t\t<\/div>\t<\/div><div class=\"awsm-job-listing-item awsm-list-item\" id=\"awsm-list-item-9223\">\t\t<div class=\"awsm-job-item\">\t\t\t<div class=\"awsm-list-left-col\">\n\t\t\t\t\n\t\t\t\t\n\t\t\t\t<h2 class=\"awsm-job-post-title\">\n\t\t\t\t\t<a href=\"https:\/\/m-plusgroup.com\/en\/jobs\/chaudronnier-chaudronniere-aeronautique-h-f\/\">Chaudronnier \/ Chaudronni\u00e8re a\u00e9ronautique (H\/F)<\/a>\t\t\t\t<\/h2>\n\n\t\t\t\t\t\t\t<\/div>\n\n\t\t\t<div class=\"awsm-list-right-col\">\n\t\t\t\t<div class=\"awsm-job-specification-wrapper\"><div class=\"awsm-job-specification-item awsm-job-specification-job-category\"><span class=\"awsm-job-specification-term\">Chaudronnerie<\/span> <\/div><div class=\"awsm-job-specification-item awsm-job-specification-job-location\"><span class=\"awsm-job-specification-term\">Domaero (Issoire)<\/span> <\/div><\/div><div class=\"awsm-job-more-container\"><a class=\"awsm-job-more\" href=\"https:\/\/m-plusgroup.com\/en\/jobs\/chaudronnier-chaudronniere-aeronautique-h-f\/\">More Details <span><\/span><\/a><\/div>\t\t\t<\/div>\n\t\t<\/div>\t<\/div><div class=\"awsm-job-listing-item awsm-list-item\" id=\"awsm-list-item-9220\">\t\t<div class=\"awsm-job-item\">\t\t\t<div class=\"awsm-list-left-col\">\n\t\t\t\t\n\t\t\t\t\n\t\t\t\t<h2 class=\"awsm-job-post-title\">\n\t\t\t\t\t<a href=\"https:\/\/m-plusgroup.com\/en\/jobs\/operateurtrice-plieur-cn-h-f\/\">Op\u00e9rateur(trice) Plieur CN (H\/F)<\/a>\t\t\t\t<\/h2>\n\n\t\t\t\t\t\t\t<\/div>\n\n\t\t\t<div class=\"awsm-list-right-col\">\n\t\t\t\t<div class=\"awsm-job-specification-wrapper\"><div class=\"awsm-job-specification-item awsm-job-specification-job-category\"><span class=\"awsm-job-specification-term\">Commande num\u00e9rique<\/span> <\/div><div class=\"awsm-job-specification-item awsm-job-specification-job-location\"><span class=\"awsm-job-specification-term\">Domaero (Issoire)<\/span> <\/div><\/div><div class=\"awsm-job-more-container\"><a class=\"awsm-job-more\" href=\"https:\/\/m-plusgroup.com\/en\/jobs\/operateurtrice-plieur-cn-h-f\/\">More Details <span><\/span><\/a><\/div>\t\t\t<\/div>\n\t\t<\/div>\t<\/div><div class=\"awsm-job-listing-item awsm-list-item\" id=\"awsm-list-item-9072\">\t\t<div class=\"awsm-job-item\">\t\t\t<div class=\"awsm-list-left-col\">\n\t\t\t\t\n\t\t\t\t\n\t\t\t\t<h2 class=\"awsm-job-post-title\">\n\t\t\t\t\t<a href=\"https:\/\/m-plusgroup.com\/en\/jobs\/plieur-h-f\/\">Op\u00e9rateur sur presse AMADA- Pliage H\/F<\/a>\t\t\t\t<\/h2>\n\n\t\t\t\t\t\t\t<\/div>\n\n\t\t\t<div class=\"awsm-list-right-col\">\n\t\t\t\t<div class=\"awsm-job-specification-wrapper\"><div class=\"awsm-job-specification-item awsm-job-specification-job-category\"><span class=\"awsm-job-specification-term\">Chaudronnerie<\/span> <\/div><div class=\"awsm-job-specification-item awsm-job-specification-job-location\"><span class=\"awsm-job-specification-term\">M-Plus France (Belfort)<\/span> <\/div><\/div><div class=\"awsm-job-more-container\"><a class=\"awsm-job-more\" href=\"https:\/\/m-plusgroup.com\/en\/jobs\/plieur-h-f\/\">More Details <span><\/span><\/a><\/div>\t\t\t<\/div>\n\t\t<\/div>\t<\/div><div class=\"awsm-job-listing-item awsm-list-item\" id=\"awsm-list-item-9028\">\t\t<div class=\"awsm-job-item\">\t\t\t<div class=\"awsm-list-left-col\">\n\t\t\t\t\n\t\t\t\t\n\t\t\t\t<h2 class=\"awsm-job-post-title\">\n\t\t\t\t\t<a href=\"https:\/\/m-plusgroup.com\/en\/jobs\/operateur-laser-5-axes-h-f\/\">Op\u00e9rateur Laser 5 axes H\/F<\/a>\t\t\t\t<\/h2>\n\n\t\t\t\t\t\t\t<\/div>\n\n\t\t\t<div class=\"awsm-list-right-col\">\n\t\t\t\t<div class=\"awsm-job-specification-wrapper\"><div class=\"awsm-job-specification-item awsm-job-specification-job-category\"><span class=\"awsm-job-specification-term\">Chaudronnerie<\/span> <\/div><div class=\"awsm-job-specification-item awsm-job-specification-job-location\"><span class=\"awsm-job-specification-term\">M-Plus France (Belfort)<\/span> <\/div><\/div><div class=\"awsm-job-more-container\"><a class=\"awsm-job-more\" href=\"https:\/\/m-plusgroup.com\/en\/jobs\/operateur-laser-5-axes-h-f\/\">More Details <span><\/span><\/a><\/div>\t\t\t<\/div>\n\t\t<\/div>\t<\/div><div class=\"awsm-job-listing-item awsm-list-item\" id=\"awsm-list-item-8898\">\t\t<div class=\"awsm-job-item\">\t\t\t<div class=\"awsm-list-left-col\">\n\t\t\t\t\n\t\t\t\t\n\t\t\t\t<h2 class=\"awsm-job-post-title\">\n\t\t\t\t\t<a href=\"https:\/\/m-plusgroup.com\/en\/jobs\/1-fraiseur-5-axes-palletech-3-vx630\/\">FRAISEUR 5 AXES H\/F<\/a>\t\t\t\t<\/h2>\n\n\t\t\t\t\t\t\t<\/div>\n\n\t\t\t<div class=\"awsm-list-right-col\">\n\t\t\t\t<div class=\"awsm-job-specification-wrapper\"><div class=\"awsm-job-specification-item awsm-job-specification-job-category\"><span class=\"awsm-job-specification-term\">Usinage<\/span> <\/div><div class=\"awsm-job-specification-item awsm-job-specification-job-location\"><span class=\"awsm-job-specification-term\">M-Plus France (Belfort)<\/span> <\/div><\/div><div class=\"awsm-job-more-container\"><a class=\"awsm-job-more\" href=\"https:\/\/m-plusgroup.com\/en\/jobs\/1-fraiseur-5-axes-palletech-3-vx630\/\">More Details <span><\/span><\/a><\/div>\t\t\t<\/div>\n\t\t<\/div>\t<\/div>\t\t<\/div>\n\n\t<\/div>\n\t<\/p>\t\t\t\t\t\t\t\t<\/div>\n\t\t\t\t<\/div>\n\t\t\t\t\t<\/div>\n\t\t\t\t<\/div>\n\t\t<div class=\"e-con-gap-no elementor-element elementor-element-b2fd430 e-flex e-con-boxed sc_layouts_column_icons_position_left e-con e-parent\" data-id=\"b2fd430\" data-element_type=\"container\">\n\t\t\t\t\t<div class=\"e-con-inner\">\n\t\t\t\t\t<\/div>\n\t\t\t\t<\/div>\n\t\t\t\t<\/div>\n\t\t","protected":false},"excerpt":{"rendered":"<p>Rejoignez-nous M-PLUS est une entreprise humaine et une entreprise conqu\u00e9rante. Il s\u2019agit de 2 Valeurs du groupe d\u00e9finies par nos \u00e9quipes elles-m\u00eames. Cela s\u2019illustre par la convivialit\u00e9, l\u2019esprit famille, la&hellip;<\/p>","protected":false},"author":2,"featured_media":0,"parent":0,"menu_order":0,"comment_status":"closed","ping_status":"closed","template":"","meta":{"footnotes":""},"class_list":["post-6559","page","type-page","status-publish","hentry"],"_links":{"self":[{"href":"https:\/\/m-plusgroup.com\/en\/wp-json\/wp\/v2\/pages\/6559","targetHints":{"allow":["GET"]}}],"collection":[{"href":"https:\/\/m-plusgroup.com\/en\/wp-json\/wp\/v2\/pages"}],"about":[{"href":"https:\/\/m-plusgroup.com\/en\/wp-json\/wp\/v2\/types\/page"}],"author":[{"embeddable":true,"href":"https:\/\/m-plusgroup.com\/en\/wp-json\/wp\/v2\/users\/2"}],"replies":[{"embeddable":true,"href":"https:\/\/m-plusgroup.com\/en\/wp-json\/wp\/v2\/comments?post=6559"}],"version-history":[{"count":11,"href":"https:\/\/m-plusgroup.com\/en\/wp-json\/wp\/v2\/pages\/6559\/revisions"}],"predecessor-version":[{"id":8477,"href":"https:\/\/m-plusgroup.com\/en\/wp-json\/wp\/v2\/pages\/6559\/revisions\/8477"}],"wp:attachment":[{"href":"https:\/\/m-plusgroup.com\/en\/wp-json\/wp\/v2\/media?parent=6559"}],"curies":[{"name":"wp","href":"https:\/\/api.w.org\/{rel}","templated":true}]}}